{"id":32,"date":"2014-04-04T10:16:09","date_gmt":"2014-04-04T10:16:09","guid":{"rendered":"http:\/\/www.casarizzini.com\/?page_id=32"},"modified":"2015-07-20T15:52:49","modified_gmt":"2015-07-20T15:52:49","slug":"golf-vacations-holidays-ireland","status":"publish","type":"page","link":"https:\/\/www.casarizzini.com\/pt\/golf-vacations-holidays-ireland\/","title":{"rendered":"Golfe na Ilha Esmeralda"},"content":{"rendered":"<p>Quando o calor \u00e9 demais, por que n\u00e3o vir para a Irlanda para jogar Golfe ? N\u00e3o \u00e9 coincid\u00eancia a Irlanda ser chamada de &#8216;The Emerald Island&#8217; (Ilha Esmeralda). Aqui, seja ver\u00e3o ou inverno, \u00e9 sempre muito verde e todo territ\u00f3rio s\u00e3o preservados, n\u00e3o h\u00e1 polui\u00e7\u00e3o e voc\u00ea respira ar fresco que regenera a alma.<\/p>\n<p>A Irlanda \u00e9 aben\u00e7oada com percursos de ouro, existem em dunas de areia perto do Oceano Atl\u00e2ntico, nos parques dos mais famosos castelos, hoje luxuosos hot\u00e9is, ou nas margens dos lagos. Pa\u00eds de paisagens extraordin\u00e1rias e set de filmagem de famosos filmes e seriados internacionais. Eles est\u00e3o por toda parte nos lugares mais inesperados e silenciosa, onde o horizonte verde ser\u00e1 a sua fronteira. Para os amantes do golfe, recomendamos o ver\u00e3o, de maio a setembro e n\u00f3s oferecemos uma variedade de programas, de DIY para All Inclusive. A partir de um fim de semana para uma semana de estadia.<\/p>\n<p>Oferecemos tr\u00eas programas a partir da Irlanda do Norte para a pen\u00ednsula de Kerry, tudo de melhor Liks e tamb\u00e9m um programa com o melhor golfe nos arredores de Dublin. Alojamento no hotel e todos os transportes com um motorista e Van. Oferecemos programas na Casa Rizzini Lodge, uma casa \u00e0s margens do Lago Owel, rodeado por um parque de plantas centen\u00e1rias. .<\/p>\n","protected":false},"excerpt":{"rendered":"<p>Quando o calor \u00e9 demais, por que n\u00e3o vir para a Irlanda para jogar Golfe ? N\u00e3o \u00e9 coincid\u00eancia a Irlanda ser chamada de &#8216;The Emerald Island&#8217; (Ilha Esmeralda). Aqui, seja ver\u00e3o ou inverno, \u00e9 sempre muito verde e todo<span class=\"ellipsis\">&hellip;<\/span><\/p>\n<div class=\"read-more\"><a href=\"https:\/\/www.casarizzini.com\/pt\/golf-vacations-holidays-ireland\/\">Read more &#8250;<\/a><\/div>\n<p><!-- end of .read-more --><\/p>\n","protected":false},"author":1,"featured_media":529,"parent":0,"menu_order":0,"comment_status":"closed","ping_status":"closed","template":"","meta":{"ngg_post_thumbnail":0},"aioseo_notices":[],"_links":{"self":[{"href":"https:\/\/www.casarizzini.com\/pt\/wp-json\/wp\/v2\/pages\/32"}],"collection":[{"href":"https:\/\/www.casarizzini.com\/pt\/wp-json\/wp\/v2\/pages"}],"about":[{"href":"https:\/\/www.casarizzini.com\/pt\/wp-json\/wp\/v2\/types\/page"}],"author":[{"embeddable":true,"href":"https:\/\/www.casarizzini.com\/pt\/wp-json\/wp\/v2\/users\/1"}],"replies":[{"embeddable":true,"href":"https:\/\/www.casarizzini.com\/pt\/wp-json\/wp\/v2\/comments?post=32"}],"version-history":[{"count":9,"href":"https:\/\/www.casarizzini.com\/pt\/wp-json\/wp\/v2\/pages\/32\/revisions"}],"predecessor-version":[{"id":969,"href":"https:\/\/www.casarizzini.com\/pt\/wp-json\/wp\/v2\/pages\/32\/revisions\/969"}],"wp:featuredmedia":[{"embeddable":true,"href":"https:\/\/www.casarizzini.com\/pt\/wp-json\/wp\/v2\/media\/529"}],"wp:attachment":[{"href":"https:\/\/www.casarizzini.com\/pt\/wp-json\/wp\/v2\/media?parent=32"}],"curies":[{"name":"wp","href":"https:\/\/api.w.org\/{rel}","templated":true}]}}