{"id":34,"date":"2014-04-04T10:16:38","date_gmt":"2014-04-04T10:16:38","guid":{"rendered":"http:\/\/www.casarizzini.com\/?page_id=34"},"modified":"2015-07-21T10:37:24","modified_gmt":"2015-07-21T10:37:24","slug":"b-and-b-hunting-fishing-lodge","status":"publish","type":"page","link":"https:\/\/www.casarizzini.com\/pt\/b-and-b-hunting-fishing-lodge\/","title":{"rendered":"Casa Rizzini tamb\u00e9m \u00e9 &#8216;Bed and Breakfast&#8217; e Turismo"},"content":{"rendered":"<p>Nos poucos meses que a nossa Casa est\u00e1 aberta para os amigos, oferecemos a oportunidade de descobrir e apreciar as formas tradicionais de viver em uma terra serena ainda intocada. Agora a Casa Rizzini tamb\u00e9m disponibiliza o famoso B&amp;B, hospedagem com caf\u00e9 da manh\u00e3 incluso. Voc\u00ea ser\u00e1 recebido em um ambiente \u00edntimo, exclusivo e uma alternativa \u00e0 vida hotel e aldeia. Um arco-\u00edris de cozinha irlandesa e italiana criada com alimentos naturais, cuidadosamente cultivados, escolhidos e preparados, acompanhando as suas f\u00e9rias refrescante e \u00fanica, na rica e de paisagens inacredit\u00e1veis, a Ilha Esmeralda.<\/p>\n<p>Todos os nossos quartos s\u00e3o su\u00edtes, com mini-bar, WI-FI FREE e SKY Italiana com op\u00e7\u00f5es de l\u00ednguas.<\/p>\n<p>Com a nossa experi\u00eancia de 20 anos na Irlanda, ser\u00e1 sugerindo-lhe qualquer curiosidade, como passeios exclusivos e personalizados de Dublin e interiores da Irlanda e at\u00e9 o retorno para o aeroporto.<\/p>\n<p>&nbsp;<\/p>\n","protected":false},"excerpt":{"rendered":"<p>Nos poucos meses que a nossa Casa est\u00e1 aberta para os amigos, oferecemos a oportunidade de descobrir e apreciar as formas tradicionais de viver em uma terra serena ainda intocada. Agora a Casa Rizzini tamb\u00e9m disponibiliza o famoso B&amp;B, hospedagem<span class=\"ellipsis\">&hellip;<\/span><\/p>\n<div class=\"read-more\"><a href=\"https:\/\/www.casarizzini.com\/pt\/b-and-b-hunting-fishing-lodge\/\">Read more &#8250;<\/a><\/div>\n<p><!-- end of .read-more --><\/p>\n","protected":false},"author":1,"featured_media":524,"parent":0,"menu_order":0,"comment_status":"closed","ping_status":"closed","template":"","meta":{"ngg_post_thumbnail":0},"aioseo_notices":[],"_links":{"self":[{"href":"https:\/\/www.casarizzini.com\/pt\/wp-json\/wp\/v2\/pages\/34"}],"collection":[{"href":"https:\/\/www.casarizzini.com\/pt\/wp-json\/wp\/v2\/pages"}],"about":[{"href":"https:\/\/www.casarizzini.com\/pt\/wp-json\/wp\/v2\/types\/page"}],"author":[{"embeddable":true,"href":"https:\/\/www.casarizzini.com\/pt\/wp-json\/wp\/v2\/users\/1"}],"replies":[{"embeddable":true,"href":"https:\/\/www.casarizzini.com\/pt\/wp-json\/wp\/v2\/comments?post=34"}],"version-history":[{"count":13,"href":"https:\/\/www.casarizzini.com\/pt\/wp-json\/wp\/v2\/pages\/34\/revisions"}],"predecessor-version":[{"id":968,"href":"https:\/\/www.casarizzini.com\/pt\/wp-json\/wp\/v2\/pages\/34\/revisions\/968"}],"wp:featuredmedia":[{"embeddable":true,"href":"https:\/\/www.casarizzini.com\/pt\/wp-json\/wp\/v2\/media\/524"}],"wp:attachment":[{"href":"https:\/\/www.casarizzini.com\/pt\/wp-json\/wp\/v2\/media?parent=34"}],"curies":[{"name":"wp","href":"https:\/\/api.w.org\/{rel}","templated":true}]}}